{"id":5655,"date":"2024-11-07T08:55:17","date_gmt":"2024-11-07T08:55:17","guid":{"rendered":"https:\/\/www.inisi.pl\/?post_type=product&#038;p=5655"},"modified":"2024-11-07T08:55:17","modified_gmt":"2024-11-07T08:55:17","slug":"amaya-dress","status":"publish","type":"product","link":"https:\/\/www.inisi.pl\/en\/product\/amaya-dress\/","title":{"rendered":"Amaya Dress"},"content":{"rendered":"","protected":false},"excerpt":{"rendered":"<div class=\"flex max-w-full flex-col flex-grow\">\n<div class=\"min-h-8 text-message flex w-full flex-col items-end gap-2 whitespace-normal break-words [.text-message+&amp;]:mt-5\" dir=\"auto\" data-message-author-role=\"assistant\" data-message-id=\"c4251c08-3271-4347-a62e-74761c235f25\" data-message-model-slug=\"gpt-4o\">\n<div class=\"flex w-full flex-col gap-1 empty:hidden first:pt-[3px]\">\n<div class=\"markdown prose w-full break-words dark:prose-invert light\">\n<p>Sukienka Amaya to elegancka kreacja wykonana z grubej tkaniny, kt\u00f3ra zapewnia wygod\u0119 i doskona\u0142e dopasowanie do sylwetki. Na biodrach znajduj\u0105 si\u0119 subtelne pufki, dodaj\u0105ce stylizacji niepowtarzalnego charakteru i lekko\u015bci. Cho\u0107 sukienka \u015bwietnie sprawdzi si\u0119 na wyj\u0105tkowe okazje, dzi\u0119ki swojej formie i materia\u0142owi mo\u017ce by\u0107 r\u00f3wnie\u017c noszona w bardziej casualowej ods\u0142onie.<\/p>\n<\/div>\n<p>&nbsp;<\/p>\n<p>Sk\u0142ad:\u00a0100% Polyester<\/p>\n<p>Detale: pufki na biodrach<\/p>\n<\/div>\n<\/div>\n<\/div>\n","protected":false},"featured_media":5666,"comment_status":"open","ping_status":"closed","template":"","meta":[],"product_brand":[],"product_cat":[100,98],"product_tag":[],"class_list":{"0":"post-5655","1":"product","2":"type-product","3":"status-publish","4":"has-post-thumbnail","6":"product_cat-kolekcja-foreveryoungthelabel","7":"product_cat-sukienki","9":"first","10":"instock","11":"taxable","12":"shipping-taxable","13":"purchasable","14":"product-type-variable"},"_links":{"self":[{"href":"https:\/\/www.inisi.pl\/en\/wp-json\/wp\/v2\/product\/5655","targetHints":{"allow":["GET"]}}],"collection":[{"href":"https:\/\/www.inisi.pl\/en\/wp-json\/wp\/v2\/product"}],"about":[{"href":"https:\/\/www.inisi.pl\/en\/wp-json\/wp\/v2\/types\/product"}],"replies":[{"embeddable":true,"href":"https:\/\/www.inisi.pl\/en\/wp-json\/wp\/v2\/comments?post=5655"}],"wp:featuredmedia":[{"embeddable":true,"href":"https:\/\/www.inisi.pl\/en\/wp-json\/wp\/v2\/media\/5666"}],"wp:attachment":[{"href":"https:\/\/www.inisi.pl\/en\/wp-json\/wp\/v2\/media?parent=5655"}],"wp:term":[{"taxonomy":"product_brand","embeddable":true,"href":"https:\/\/www.inisi.pl\/en\/wp-json\/wp\/v2\/product_brand?post=5655"},{"taxonomy":"product_cat","embeddable":true,"href":"https:\/\/www.inisi.pl\/en\/wp-json\/wp\/v2\/product_cat?post=5655"},{"taxonomy":"product_tag","embeddable":true,"href":"https:\/\/www.inisi.pl\/en\/wp-json\/wp\/v2\/product_tag?post=5655"}],"curies":[{"name":"wp","href":"https:\/\/api.w.org\/{rel}","templated":true}]}}