{"id":5676,"date":"2024-11-11T09:20:45","date_gmt":"2024-11-11T09:20:45","guid":{"rendered":"https:\/\/www.inisi.pl\/?post_type=product&#038;p=5676"},"modified":"2025-08-19T11:57:15","modified_gmt":"2025-08-19T11:57:15","slug":"sparkle-dress","status":"publish","type":"product","link":"https:\/\/www.inisi.pl\/en\/product\/sparkle-dress\/","title":{"rendered":"Sparkle Dress"},"content":{"rendered":"","protected":false},"excerpt":{"rendered":"<p>Sparkle Dress to ol\u015bniewaj\u0105ca sukienka stworzona dla tych, kt\u00f3rzy lubi\u0105 b\u0142yszcze\u0107! Ca\u0142a pokryta czarnymi cekinami, przyci\u0105ga wzrok eleganckim po\u0142yskiem, tworz\u0105c efekt \u201eglamour\u201d przy ka\u017cdym ruchu. Sukienka bez rami\u0105czek, kt\u00f3ra idealnie podkre\u015bla kobiece kszta\u0142ty i jest doskona\u0142ym wyborem na wieczorne wyj\u015bcia, przyj\u0119cia czy eleganckie uroczysto\u015bci. Sparkle Dress to esencja klasy i szyku, kt\u00f3ra zapewnia niezapomniane wra\u017cenie i poczucie wyj\u0105tkowo\u015bci.<\/p>\n","protected":false},"featured_media":5680,"comment_status":"open","ping_status":"closed","template":"","meta":[],"product_brand":[],"product_cat":[100,98],"product_tag":[],"class_list":{"0":"post-5676","1":"product","2":"type-product","3":"status-publish","4":"has-post-thumbnail","6":"product_cat-kolekcja-foreveryoungthelabel","7":"product_cat-sukienki","9":"first","10":"instock","11":"taxable","12":"shipping-taxable","13":"purchasable","14":"product-type-variable"},"_links":{"self":[{"href":"https:\/\/www.inisi.pl\/en\/wp-json\/wp\/v2\/product\/5676","targetHints":{"allow":["GET"]}}],"collection":[{"href":"https:\/\/www.inisi.pl\/en\/wp-json\/wp\/v2\/product"}],"about":[{"href":"https:\/\/www.inisi.pl\/en\/wp-json\/wp\/v2\/types\/product"}],"replies":[{"embeddable":true,"href":"https:\/\/www.inisi.pl\/en\/wp-json\/wp\/v2\/comments?post=5676"}],"wp:featuredmedia":[{"embeddable":true,"href":"https:\/\/www.inisi.pl\/en\/wp-json\/wp\/v2\/media\/5680"}],"wp:attachment":[{"href":"https:\/\/www.inisi.pl\/en\/wp-json\/wp\/v2\/media?parent=5676"}],"wp:term":[{"taxonomy":"product_brand","embeddable":true,"href":"https:\/\/www.inisi.pl\/en\/wp-json\/wp\/v2\/product_brand?post=5676"},{"taxonomy":"product_cat","embeddable":true,"href":"https:\/\/www.inisi.pl\/en\/wp-json\/wp\/v2\/product_cat?post=5676"},{"taxonomy":"product_tag","embeddable":true,"href":"https:\/\/www.inisi.pl\/en\/wp-json\/wp\/v2\/product_tag?post=5676"}],"curies":[{"name":"wp","href":"https:\/\/api.w.org\/{rel}","templated":true}]}}